{"id":23661,"date":"2022-06-09T17:59:14","date_gmt":"2022-06-09T15:59:14","guid":{"rendered":"https:\/\/equitacion-natural.es\/product\/bride-de-corde-brockamp\/"},"modified":"2024-03-05T17:55:55","modified_gmt":"2024-03-05T16:55:55","slug":"tete-corde-brockamp","status":"publish","type":"product","link":"https:\/\/equitacion-natural.es\/fr\/produit\/tete-corde-brockamp\/","title":{"rendered":"Bride de corde Brockamp"},"content":{"rendered":"<p><b>Caract\u00e9ristiques :  <\/b><\/p>\n<p>Cette t\u00eati\u00e8re, fabriqu\u00e9e en Allemagne, est faite d&#8217;une corde de polyester tiss\u00e9e de 6 mm de haute qualit\u00e9. Contrairement aux brides en nylon et en coton, il ne se d\u00e9forme pas et est plus maniable. Il r\u00e9siste \u00e0 l&#8217;eau, \u00e0 la transpiration, \u00e0 la lumi\u00e8re du soleil et m\u00eame \u00e0 l&#8217;abrasion par rapport au polypropyl\u00e8ne.<\/p>\n<p>La corde de 6 mm est le diam\u00e8tre id\u00e9al pour que le cheval ressente bien la pression sans lui faire mal et pour l&#8217;aider \u00e0 mieux comprendre ce qu&#8217;on lui demande.<\/p>\n<p>Disponible en 3 tailles diff\u00e9rentes et dans une large gamme de couleurs.<\/p>\n<p><b>Entretien :  <\/b><\/p>\n<p>Lavable \u00e0 la main ou en machine \u00e0 30\u00b0C. Dans une machine, utilisez de pr\u00e9f\u00e9rence un sac en tissu.<\/p>\n<p><b>Tailles :  <\/b><\/p>\n<ul>\n<li>Taille XS : Shetland, Poney (approx. ~ 25 cm) <span style=\"color: #808080;\"><br \/>\n  <em>sur demande<\/em><br \/>\n<\/span><\/li>\n<li>Taille S : Arabe, Poney B, Poney C, Poney D (approx. ~ 28 cm)<\/li>\n<li>Taille M : Pur-sang (approx. ~ 32 cm)<\/li>\n<li>Taille L : chevaux de sang de guerre (approx. ~ 35 cm)<\/li>\n<li>Taille XL : Cheval de trait (env. ~ 38 cm) <span style=\"color: #808080;\"><br \/>\n  <em>sur demande<\/em><br \/>\n<\/span><\/li>\n<\/ul>\n<p><strong style=\"letter-spacing: 0.1px;\"><img decoding=\"async\" class=\"wp-image-19984 alignnone\" src=\"https:\/\/equitacion-a-la-francesa.es\/wp-content\/uploads\/2022\/06\/pngwing.com_-150x150.png\" alt=\"\" width=\"25\" height=\"25\" srcset=\"https:\/\/equitacion-natural.es\/wp-content\/uploads\/2022\/06\/pngwing.com_-150x150.png 150w, https:\/\/equitacion-natural.es\/wp-content\/uploads\/2022\/06\/pngwing.com_-300x300.png 300w, https:\/\/equitacion-natural.es\/wp-content\/uploads\/2022\/06\/pngwing.com_-768x768.png 768w, https:\/\/equitacion-natural.es\/wp-content\/uploads\/2022\/06\/pngwing.com_-80x80.png 80w, https:\/\/equitacion-natural.es\/wp-content\/uploads\/2022\/06\/pngwing.com_-370x370.png 370w, https:\/\/equitacion-natural.es\/wp-content\/uploads\/2022\/06\/pngwing.com_-120x120.png 120w, https:\/\/equitacion-natural.es\/wp-content\/uploads\/2022\/06\/pngwing.com_-840x840.png 840w, https:\/\/equitacion-natural.es\/wp-content\/uploads\/2022\/06\/pngwing.com_-410x410.png 410w, https:\/\/equitacion-natural.es\/wp-content\/uploads\/2022\/06\/pngwing.com_-630x630.png 630w, https:\/\/equitacion-natural.es\/wp-content\/uploads\/2022\/06\/pngwing.com_-600x600.png 600w, https:\/\/equitacion-natural.es\/wp-content\/uploads\/2022\/06\/pngwing.com_.png 900w\" sizes=\"(max-width: 25px) 100vw, 25px\" \/>  Recommandations<\/strong><\/p>\n<ul>\n<li>N&#8217;oubliez pas de le retirer de la t\u00eate du cheval d\u00e8s que vous le l\u00e2chez.<\/li>\n<li>Ne laissez jamais un cheval attach\u00e9 \u00e0 un point fixe avec une bride en corde s&#8217;il n&#8217;a pas \u00e9t\u00e9 correctement \u00e9duqu\u00e9 au pr\u00e9alable. Si la corde n&#8217;est pas munie d&#8217;un mousqueton, utilisez une ficelle ou un autre \u00e9l\u00e9ment qui peut \u00eatre facilement cass\u00e9 si le cheval tire en arri\u00e8re.<\/li>\n<\/ul>\n","protected":false},"excerpt":{"rendered":"<p>L\u00e9g\u00e8re et confortable, la bride en corde \u00e9thologique nou\u00e9e Brockamp est sp\u00e9cialement con\u00e7ue pour la pratique de l&#8217;\u00e9quitation naturelle.<\/p>\n","protected":false},"featured_media":23106,"comment_status":"closed","ping_status":"closed","template":"","meta":[],"product_brand":[],"product_cat":[279],"product_tag":[],"class_list":{"0":"post-23661","1":"product","2":"type-product","3":"status-publish","4":"has-post-thumbnail","6":"product_cat-licols","8":"first","9":"instock","10":"taxable","11":"shipping-taxable","12":"purchasable","13":"product-type-variable","14":"has-default-attributes"},"bundled_by":[],"bundle_stock_status":"instock","bundle_stock_quantity":null,"bundle_virtual":false,"bundle_layout":"","bundle_add_to_cart_form_location":"","bundle_editable_in_cart":false,"bundle_sold_individually_context":"","bundle_item_grouping":"","bundle_min_size":"","bundle_max_size":"","bundle_price":[],"bundled_items":[],"bundle_sell_ids":[],"_links":{"self":[{"href":"https:\/\/equitacion-natural.es\/fr\/wp-json\/wp\/v2\/product\/23661","targetHints":{"allow":["GET"]}}],"collection":[{"href":"https:\/\/equitacion-natural.es\/fr\/wp-json\/wp\/v2\/product"}],"about":[{"href":"https:\/\/equitacion-natural.es\/fr\/wp-json\/wp\/v2\/types\/product"}],"replies":[{"embeddable":true,"href":"https:\/\/equitacion-natural.es\/fr\/wp-json\/wp\/v2\/comments?post=23661"}],"wp:featuredmedia":[{"embeddable":true,"href":"https:\/\/equitacion-natural.es\/fr\/wp-json\/wp\/v2\/media\/23106"}],"wp:attachment":[{"href":"https:\/\/equitacion-natural.es\/fr\/wp-json\/wp\/v2\/media?parent=23661"}],"wp:term":[{"taxonomy":"product_brand","embeddable":true,"href":"https:\/\/equitacion-natural.es\/fr\/wp-json\/wp\/v2\/product_brand?post=23661"},{"taxonomy":"product_cat","embeddable":true,"href":"https:\/\/equitacion-natural.es\/fr\/wp-json\/wp\/v2\/product_cat?post=23661"},{"taxonomy":"product_tag","embeddable":true,"href":"https:\/\/equitacion-natural.es\/fr\/wp-json\/wp\/v2\/product_tag?post=23661"}],"curies":[{"name":"wp","href":"https:\/\/api.w.org\/{rel}","templated":true}]}}