{"id":23623,"date":"2022-06-09T18:40:09","date_gmt":"2022-06-09T16:40:09","guid":{"rendered":"https:\/\/equitacion-natural.es\/product\/corde-brockamp-37m\/"},"modified":"2024-03-05T17:55:55","modified_gmt":"2024-03-05T16:55:55","slug":"corde-brockamp-3-7m","status":"publish","type":"product","link":"https:\/\/equitacion-natural.es\/fr\/produit\/corde-brockamp-3-7m\/","title":{"rendered":"Corde Brockamp 3,7m"},"content":{"rendered":"<p><b>Caract\u00e9ristiques :  <\/b><\/p>\n<p>Corde ronde en polyester compos\u00e9e de <strong>8 brins<\/strong> tress\u00e9s ultra r\u00e9sistants d&#8217;un diam\u00e8tre de <strong>13 mm<\/strong>, fabriqu\u00e9e en Allemagne. Contrairement au nylon ou au coton, le polyester emp\u00eache la corde de se d\u00e9former et r\u00e9siste mieux \u00e0 la lumi\u00e8re du soleil et \u00e0 l&#8217;abrasion que le polypropyl\u00e8ne. Ce mat\u00e9riau est tr\u00e8s confortable \u00e0 utiliser en raison de sa flexibilit\u00e9. Il est \u00e9galement r\u00e9sistant \u00e0 l&#8217;eau et \u00e0 la transpiration.<\/p>\n<p>La qualit\u00e9 et le type de tressage minimisent le risque de br\u00fblure des mains qui tirent.<\/p>\n<p>Sa longueur de <strong>3,7 m\u00e8tres<\/strong> est id\u00e9ale pour le travail au sol en dressage naturel, car elle permet des mouvements pr\u00e9cis tout en maintenant une distance de s\u00e9curit\u00e9.<\/p>\n<p>Le mousqueton de s\u00e9curit\u00e9 en laiton est facile \u00e0 d\u00e9tacher en cas d&#8217;urgence. Il comporte une partie mobile qui emp\u00eache la corde de se tordre. \u00c0 l&#8217;autre extr\u00e9mit\u00e9, il y a une languette de cuir (popper) qui fait du bruit lorsqu&#8217;on l&#8217;agite.<\/p>\n<p><b>Entretien :  <\/b><\/p>\n<p>Lavable \u00e0 la main ou en machine \u00e0 30\u00b0C. Sur une machine, utilisez un sac en tissu et retirez ou prot\u00e9gez le mousqueton (par exemple avec une chaussette) afin qu&#8217;il ne heurte pas le tambour. Si le mousqueton n&#8217;a pas \u00e9t\u00e9 d\u00e9mont\u00e9, appliquez quelques gouttes d&#8217;huile sur le mousqueton apr\u00e8s l&#8217;avoir lav\u00e9.<\/p>\n","protected":false},"excerpt":{"rendered":"<p>Corde ronde de 3,7 m de long et 13 mm de diam\u00e8tre, sp\u00e9cialement con\u00e7ue pour la pratique du dressage naturel, pied \u00e0 terre. En attachant les deux extr\u00e9mit\u00e9s ensemble, il peut \u00e9galement \u00eatre utilis\u00e9 comme r\u00eanes.<\/p>\n","protected":false},"featured_media":23354,"comment_status":"closed","ping_status":"closed","template":"","meta":[],"product_brand":[],"product_cat":[283],"product_tag":[296,350,351,369],"class_list":{"0":"post-23623","1":"product","2":"type-product","3":"status-publish","4":"has-post-thumbnail","6":"product_cat-longes-37-m","7":"product_tag-3-7m-fr","8":"product_tag-corde","9":"product_tag-mousqueton","10":"product_tag-popper-fr","12":"first","13":"instock","14":"taxable","15":"shipping-taxable","16":"purchasable","17":"product-type-variable","18":"has-default-attributes"},"bundled_by":[],"bundle_stock_status":"instock","bundle_stock_quantity":null,"bundle_virtual":false,"bundle_layout":"","bundle_add_to_cart_form_location":"","bundle_editable_in_cart":false,"bundle_sold_individually_context":"","bundle_item_grouping":"","bundle_min_size":"","bundle_max_size":"","bundle_price":[],"bundled_items":[],"bundle_sell_ids":[],"_links":{"self":[{"href":"https:\/\/equitacion-natural.es\/fr\/wp-json\/wp\/v2\/product\/23623","targetHints":{"allow":["GET"]}}],"collection":[{"href":"https:\/\/equitacion-natural.es\/fr\/wp-json\/wp\/v2\/product"}],"about":[{"href":"https:\/\/equitacion-natural.es\/fr\/wp-json\/wp\/v2\/types\/product"}],"replies":[{"embeddable":true,"href":"https:\/\/equitacion-natural.es\/fr\/wp-json\/wp\/v2\/comments?post=23623"}],"wp:featuredmedia":[{"embeddable":true,"href":"https:\/\/equitacion-natural.es\/fr\/wp-json\/wp\/v2\/media\/23354"}],"wp:attachment":[{"href":"https:\/\/equitacion-natural.es\/fr\/wp-json\/wp\/v2\/media?parent=23623"}],"wp:term":[{"taxonomy":"product_brand","embeddable":true,"href":"https:\/\/equitacion-natural.es\/fr\/wp-json\/wp\/v2\/product_brand?post=23623"},{"taxonomy":"product_cat","embeddable":true,"href":"https:\/\/equitacion-natural.es\/fr\/wp-json\/wp\/v2\/product_cat?post=23623"},{"taxonomy":"product_tag","embeddable":true,"href":"https:\/\/equitacion-natural.es\/fr\/wp-json\/wp\/v2\/product_tag?post=23623"}],"curies":[{"name":"wp","href":"https:\/\/api.w.org\/{rel}","templated":true}]}}