{"id":23593,"date":"2022-07-06T19:08:49","date_gmt":"2022-07-06T17:08:49","guid":{"rendered":"https:\/\/equitacion-natural.es\/product\/baton-de-carotte-pro-120m-avec-filet\/"},"modified":"2024-03-05T17:55:54","modified_gmt":"2024-03-05T16:55:54","slug":"baton-de-carotte-120m","status":"publish","type":"product","link":"https:\/\/equitacion-natural.es\/fr\/produit\/baton-de-carotte-120m\/","title":{"rendered":"B\u00e2ton de carotte Pro 1,20M avec filet"},"content":{"rendered":"<p>&nbsp;<\/p>\n<p><b>Caract\u00e9ristiques :  <\/b><\/p>\n<p>Fabriqu\u00e9 en fibre de verre et dot\u00e9 d&#8217;une patte en cuir \u00e0 laquelle on peut attacher un drapeau ou une oriflamme. C&#8217;est la mesure de s\u00e9curit\u00e9 id\u00e9ale pour rester hors de port\u00e9e d&#8217;un coup de pied, car 1,20 m est consid\u00e9r\u00e9 comme la longueur approximative de la jambe d&#8217;un cheval.<\/p>\n","protected":false},"excerpt":{"rendered":"<p>Le b\u00e2ton de communication Brockamp 120 cm est utilis\u00e9 comme une extension du bras pour mobiliser et d\u00e9sensibiliser le cheval. Sur celui-ci, vous pouvez attacher une tralla ou un drapeau.<\/p>\n<p>\u00c9galement connu sous le nom de &#8220;Carrot Stick&#8221;, il s&#8217;agit du fouet de corde utilis\u00e9 par Parelli et l&#8217;un des outils les plus importants du travail au sol.<\/p>\n","protected":false},"featured_media":23232,"comment_status":"open","ping_status":"closed","template":"","meta":[],"product_brand":[],"product_cat":[292],"product_tag":[365,367,366],"class_list":{"0":"post-23593","1":"product","2":"type-product","3":"status-publish","4":"has-post-thumbnail","6":"product_cat-sticks-et-cordeletes","7":"product_tag-baton","8":"product_tag-baton-de-carotte","9":"product_tag-thrash-fr","11":"first","12":"instock","13":"taxable","14":"shipping-taxable","15":"purchasable","16":"product-type-variable","17":"has-default-attributes"},"bundled_by":[],"bundle_stock_status":"instock","bundle_stock_quantity":null,"bundle_virtual":false,"bundle_layout":"","bundle_add_to_cart_form_location":"","bundle_editable_in_cart":false,"bundle_sold_individually_context":"","bundle_item_grouping":"","bundle_min_size":"","bundle_max_size":"","bundle_price":[],"bundled_items":[],"bundle_sell_ids":[],"_links":{"self":[{"href":"https:\/\/equitacion-natural.es\/fr\/wp-json\/wp\/v2\/product\/23593","targetHints":{"allow":["GET"]}}],"collection":[{"href":"https:\/\/equitacion-natural.es\/fr\/wp-json\/wp\/v2\/product"}],"about":[{"href":"https:\/\/equitacion-natural.es\/fr\/wp-json\/wp\/v2\/types\/product"}],"replies":[{"embeddable":true,"href":"https:\/\/equitacion-natural.es\/fr\/wp-json\/wp\/v2\/comments?post=23593"}],"wp:featuredmedia":[{"embeddable":true,"href":"https:\/\/equitacion-natural.es\/fr\/wp-json\/wp\/v2\/media\/23232"}],"wp:attachment":[{"href":"https:\/\/equitacion-natural.es\/fr\/wp-json\/wp\/v2\/media?parent=23593"}],"wp:term":[{"taxonomy":"product_brand","embeddable":true,"href":"https:\/\/equitacion-natural.es\/fr\/wp-json\/wp\/v2\/product_brand?post=23593"},{"taxonomy":"product_cat","embeddable":true,"href":"https:\/\/equitacion-natural.es\/fr\/wp-json\/wp\/v2\/product_cat?post=23593"},{"taxonomy":"product_tag","embeddable":true,"href":"https:\/\/equitacion-natural.es\/fr\/wp-json\/wp\/v2\/product_tag?post=23593"}],"curies":[{"name":"wp","href":"https:\/\/api.w.org\/{rel}","templated":true}]}}