{"id":23532,"date":"2022-06-10T20:28:37","date_gmt":"2022-06-10T18:28:37","guid":{"rendered":"https:\/\/equitacion-natural.es\/politique-dexpedition-et-de-remboursement\/"},"modified":"2023-05-22T23:09:58","modified_gmt":"2023-05-22T21:09:58","slug":"politique-dexpedition-et-de-remboursement","status":"publish","type":"page","link":"https:\/\/equitacion-natural.es\/fr\/politique-dexpedition-et-de-remboursement\/","title":{"rendered":"Politique d&#8217;exp\u00e9dition et de remboursement"},"content":{"rendered":"\t\t<div data-elementor-type=\"wp-page\" data-elementor-id=\"23532\" class=\"elementor elementor-23532 elementor-20120\" data-elementor-post-type=\"page\">\n\t\t\t\t\t\t<section class=\"elementor-section elementor-top-section elementor-element elementor-element-75c8417c elementor-section-boxed elementor-section-height-default elementor-section-height-default sc_fly_static\" data-id=\"75c8417c\" data-element_type=\"section\">\n\t\t\t\t\t\t<div class=\"elementor-container elementor-column-gap-extended\">\n\t\t\t\t\t<div class=\"elementor-column elementor-col-100 elementor-top-column elementor-element elementor-element-a3b6e67 sc_inner_width_none sc_content_align_inherit sc_layouts_column_icons_position_left sc_fly_static\" data-id=\"a3b6e67\" data-element_type=\"column\">\n\t\t\t<div class=\"elementor-widget-wrap elementor-element-populated\">\n\t\t\t\t\t\t<div class=\"elementor-element elementor-element-64c8f265 sc_fly_static elementor-widget elementor-widget-text-editor\" data-id=\"64c8f265\" data-element_type=\"widget\" data-widget_type=\"text-editor.default\">\n\t\t\t\t<div class=\"elementor-widget-container\">\n\t\t\t\t\t\t\t\t\t<h3>Comment commander<\/h3>\n<p>Comme condition pour passer toute commande, le client doit contacter EQUITACION NATURAL et fournir les informations correspondantes n\u00e9cessaires \u00e0 l&#8217;acquisition des produits disponibles sur ce site web. Les informations de commande que vous fournissez doivent \u00eatre exactes, compl\u00e8tes et \u00e0 jour \u00e0 tout moment. Le non-respect de cette obligation constitue une violation des conditions, qui peut entra\u00eener la r\u00e9siliation du contrat avec OPERATIVE IT S.L.<\/p>\n<p>\u00c0 partir du moment de l&#8217;acceptation, le client acquiert le statut de client d&#8217;EQUITACION NATURAL.<\/p>\n<p>Les commandes doivent \u00eatre pass\u00e9es en suivant les \u00e9tapes que EQUITACION NATURAL vous montrera, o\u00f9 vous pourrez choisir le produit et la quantit\u00e9 que vous souhaitez acheter.<\/p>\n<h4>Bons de r\u00e9duction<\/h4>\n<p>Les bons ou codes de r\u00e9duction sont r\u00e9serv\u00e9s \u00e0 un usage individuel, ne sont pas cumulables et sont soumis aux dates de validit\u00e9 indiqu\u00e9es. {SOCIAL REASON} se r\u00e9serve le droit d&#8217;annuler toute promotion destin\u00e9e \u00e0 des clients individuels ou collectifs si elle est jug\u00e9e abusive ou inappropri\u00e9e.<\/p>\n<h4>Abonnements<\/h4>\n<p>Le client peut passer des commandes r\u00e9currentes ou p\u00e9riodiques en une seule fois et accepter la livraison et l&#8217;enl\u00e8vement p\u00e9riodiques de ces commandes. Ces produits ou types de commandes sont clairement indiqu\u00e9s sur le site web et vous devez toujours choisir la p\u00e9riode de r\u00e9p\u00e9tition (mensuelle ou annuelle).<\/p>\n<p>Chaque livraison est factur\u00e9e au moment de la commande et les nouvelles livraisons sont factur\u00e9es automatiquement aux intervalles indiqu\u00e9s. Les abonnements peuvent \u00eatre annul\u00e9s ou modifi\u00e9s gratuitement jusqu&#8217;\u00e0 deux jours ouvrables avant l&#8217;exp\u00e9dition du produit.<\/p>\n<h3>Validation des achats<\/h3>\n<p>Une fois l&#8217;achat effectu\u00e9 et le paiement r\u00e9alis\u00e9, EQUITACION NATURAL vous enverra une confirmation de commande par e-mail.<\/p>\n<p>Il est temps de v\u00e9rifier que tout est correct. Si vous n&#8217;\u00eates pas d&#8217;accord avec les informations contenues dans cette confirmation, vous pouvez demander \u00e0 la modifier ou \u00e0 annuler la commande.<\/p>\n<p>La validation de la commande par le client implique express\u00e9ment la connaissance et l&#8217;acceptation des pr\u00e9sentes conditions particuli\u00e8res de contrat dans le cadre de la conclusion du contrat. Sauf preuve contraire, les donn\u00e9es enregistr\u00e9es par EQUITACION NATURAL constituent la preuve de l&#8217;ensemble des transactions pass\u00e9es entre EQUITACION NATURAL et ses clients.<\/p>\n<p>En cas de modification ou d&#8217;annulation, la communication doit \u00eatre faite dans les 24 heures suivant la confirmation de la commande, par courrier \u00e9lectronique : hola@equitacion-natural.es et \u00e0 condition que la commande n&#8217;ait pas \u00e9t\u00e9 exp\u00e9di\u00e9e.<\/p>\n<h3>Prix et paiement<\/h3>\n<p>Le client s&#8217;engage \u00e0 payer \u00e0 EQUITACION NATURAL les produits contract\u00e9s dans les formes de paiement accept\u00e9es par EQUITACION NATURAL et tout montant suppl\u00e9mentaire (y compris les taxes et les frais de retard de paiement, le cas \u00e9ch\u00e9ant).<\/p>\n<p>Les prix applicables \u00e0 chaque produit sont ceux indiqu\u00e9s sur le site Internet \u00e0 la date de la commande, y compris, le cas \u00e9ch\u00e9ant, la TVA (taxe sur la valeur ajout\u00e9e) pour les transactions effectu\u00e9es sur le territoire espagnol. Toutefois, conform\u00e9ment aux dispositions de la loi 37\/1992 du 28 d\u00e9cembre 1992 r\u00e9gissant cet imp\u00f4t, l&#8217;op\u00e9ration peut \u00eatre exon\u00e9r\u00e9e ou non soumise \u00e0 cet imp\u00f4t en fonction du pays de r\u00e9sidence de l&#8217;acheteur et de la qualit\u00e9 en laquelle il agit (entrepreneur\/professionnel ou particulier). Par cons\u00e9quent, dans certains cas, le prix final de la commande peut \u00eatre modifi\u00e9 par rapport \u00e0 celui indiqu\u00e9 sur le site web.<\/p>\n<p>Lors du paiement, EQUITACION NATURAL redirigera vers la passerelle de paiement EQUITACION NATURAL.<\/p>\n<p>OPERATIVE IT SL accepte les modes de paiement suivants<\/p>\n<ol>\n<li>Par carte de cr\u00e9dit ou de d\u00e9bit :  <br \/>Nous acceptons les cartes Visa, MasterCard et Maestro. Vous pouvez payer imm\u00e9diatement par le biais de la passerelle de paiement s\u00e9curis\u00e9e SSL de notre banque. Si un remboursement ou une annulation de la commande est n\u00e9cessaire, le montant sera rembours\u00e9 au moyen de la m\u00eame carte de paiement. Les donn\u00e9es personnelles et bancaires seront prot\u00e9g\u00e9es par toutes les mesures de s\u00e9curit\u00e9 \u00e9tablies par la loi organique 3\/2018, du 5 d\u00e9cembre, sur la protection des donn\u00e9es personnelles et la garantie des droits num\u00e9riques (LOPDGDD) avec une confidentialit\u00e9 totale.<\/li>\n<li>PayPal<br \/>PayPal autorisera le paiement de la commande, mais aucun montant ne sera retir\u00e9 tant que PayPal n&#8217;aura pas v\u00e9rifi\u00e9 que la commande est correcte. Un compte PayPal est n\u00e9cessaire pour cela.<\/li>\n<li>Virement bancaire : Un virement bancaire sera effectu\u00e9 sur le compte fourni lors de la commande, en indiquant le num\u00e9ro de commande dans le concept. Pour acc\u00e9l\u00e9rer le processus, le re\u00e7u bancaire sera envoy\u00e9 par courriel \u00e0 <a href=\"mailto:hola@equitacion-natural.es\">hola@equitacion-natural.es<\/a>.  <\/li>\n<li>Aucun autre mode de paiement n&#8217;est accept\u00e9.<\/li>\n<li>Le paiement est toujours effectu\u00e9 \u00e0 l&#8217;avance, \u00e0 hauteur de 100 % de la commande, et la marchandise est exp\u00e9di\u00e9e d\u00e8s que nous avons re\u00e7u la confirmation du paiement.<\/li>\n<\/ol>\n<h3>Validit\u00e9 des prix et des offres<\/h3>\n<p>Les produits propos\u00e9s sur le site web, ainsi que leurs prix, seront disponibles \u00e0 l&#8217;achat tant qu&#8217;ils figureront dans le catalogue des produits affich\u00e9s sur le site web. Les clients sont pri\u00e9s d&#8217;acc\u00e9der aux versions actualis\u00e9es du site web afin d&#8217;\u00e9viter les erreurs de tarification. En tout \u00e9tat de cause, les commandes en cours de traitement conservent leurs conditions pendant 7 jours \u00e0 compter du moment de leur formalisation.<\/p>\n<h3>Exp\u00e9dition et transport<\/h3>\n<p>Les produits seront exp\u00e9di\u00e9s par l&#8217;interm\u00e9diaire d&#8217;une agence de transport.  <\/p>\n<h5>D\u00e9penses<\/h5>\n<p>Les frais d&#8217;exp\u00e9dition seront calcul\u00e9s au moment de la commande en fonction du poids et\/ou de la taille.<\/p>\n<h5>Envoi<\/h5>\n<ul>\n<li>Nous n&#8217;exp\u00e9dions que vers l&#8217;Espagne (p\u00e9ninsule) et les \u00eeles Bal\u00e9ares.<\/li>\n<li>Nous n&#8217;exp\u00e9dions pas vers les \u00celes Canaries, CEUTA et MELILLA.<\/li>\n<\/ul>\n<h5>D\u00e9lais de livraison<\/h5>\n<p>Si le produit est en stock, la commande sera exp\u00e9di\u00e9e imm\u00e9diatement \u00e0 l&#8217;adresse de livraison indiqu\u00e9e par le client et livr\u00e9e dans les 48 heures \u00e0 compter du traitement de la commande.<\/p>\n<p>En r\u00e8gle g\u00e9n\u00e9rale, sauf en cas de jours f\u00e9ri\u00e9s, nous suivons cette r\u00e8gle pour vous assigner une date de livraison qui sera la plus proche possible :<\/p>\n<p>{D\u00e9crire le mode de livraison}<\/p>\n<p>En cas d&#8217;impr\u00e9vu dans la livraison de la commande, nous vous contacterons via votre adresse e-mail, que nous vous demandons lors de votre inscription sur le site web, afin de trouver une solution. Nous pouvons \u00e9galement vous contacter par t\u00e9l\u00e9phone, si vous nous en avez fourni un, ou tenter directement une seconde livraison \u00e0 l&#8217;adresse que vous nous avez indiqu\u00e9e. Dans le cas o\u00f9 il n&#8217;a pas \u00e9t\u00e9 possible de contacter ou de livrer le produit lors de la premi\u00e8re ou de la deuxi\u00e8me visite, le client sera responsable de contacter le transporteur ou EQUITACION NATURAL par courrier \u00e9lectronique et assumera les co\u00fbts suppl\u00e9mentaires qui peuvent impliquer des livraisons ult\u00e9rieures.<\/p>\n<h5>Transporteurs<\/h5>\n<p>EQUITACION NATURAL travaille avec plusieurs agences de transport. Le client peut choisir le transporteur le plus efficace dans sa r\u00e9gion pour que sa commande arrive dans les meilleures conditions. Les frais d&#8217;exp\u00e9dition peuvent varier en fonction du transporteur.<\/p>\n<h5>Hypoth\u00e8ses \u00e0 prendre en compte<\/h5>\n<ul>\n<li>En cas de modification de l&#8217;un des d\u00e9lais, le service client\u00e8le d&#8217;EQUITACION NATURAL vous informera, par courrier \u00e9lectronique ou par appel t\u00e9l\u00e9phonique, du d\u00e9lai de livraison approximatif de l&#8217;ensemble de votre commande. Vous serez \u00e9galement tenu inform\u00e9 de tout changement pouvant d\u00e9couler de cette \u00e9ch\u00e9ance.<\/li>\n<li>Les commandes ne seront pas livr\u00e9es \u00e0 des bo\u00eetes postales. Nous nous r\u00e9servons le droit de ne pas livrer les commandes dont l&#8217;adresse est incorrecte. En tout \u00e9tat de cause, nous vous contacterons en fonction des donn\u00e9es fournies pour tout incident ou doute qui pourrait survenir dans le traitement de votre commande.<\/li>\n<\/ul>\n<h3>Garantie<\/h3>\n<p>Nos produits sont g\u00e9n\u00e9ralement couverts par une garantie l\u00e9gale de 3 ans, mais il peut y avoir des diff\u00e9rences et des exceptions en fonction du type de produit et du fabricant. Cette garantie ne peut \u00eatre exerc\u00e9e que dans le cas d&#8217;un produit d\u00e9fectueux et non dans le cas d&#8217;une mauvaise utilisation du produit. EQUITACION NATURAL se r\u00e9serve le droit de demander des informations suppl\u00e9mentaires (vid\u00e9os, photos) afin d&#8217;\u00e9valuer si la garantie s&#8217;applique.<\/p>\n<h3>Syst\u00e8me commun de taxe sur la valeur ajout\u00e9e dans l&#8217;Union europ\u00e9enne<\/h3>\n<p>Conform\u00e9ment aux dispositions de la loi 37\/1992 du 28 d\u00e9cembre 1992 r\u00e9gissant cet imp\u00f4t et \u00e0 la directive europ\u00e9enne 2008\/8\/CE, l&#8217;op\u00e9ration peut \u00eatre exon\u00e9r\u00e9e ou non soumise \u00e0 cet imp\u00f4t en fonction du pays de r\u00e9sidence de l&#8217;acheteur et de la qualit\u00e9 en laquelle il agit (entrepreneur\/professionnel ou particulier). Par cons\u00e9quent, dans certains cas, le prix final de la commande peut \u00eatre modifi\u00e9 par rapport \u00e0 celui indiqu\u00e9 sur le site web.<\/p>\n<p>Le prix des produits commercialis\u00e9s par EQUITACION NATURAL inclut la TVA espagnole. Toutefois, le prix final de votre commande peut varier en fonction du taux de TVA appliqu\u00e9 \u00e0 la commande. Pour les commandes destin\u00e9es \u00e0 d&#8217;autres pays de l&#8217;Union europ\u00e9enne, la TVA espagnole sera d\u00e9duite et le taux de TVA correspondant au pays de destination sera appliqu\u00e9. Le prix final appara\u00eetra lors de la confirmation de votre commande et refl\u00e9tera le taux de TVA correspondant au pays de destination des produits.<\/p>\n<p>Les prix des services peuvent \u00eatre modifi\u00e9s \u00e0 tout moment \u00e0 la seule et unique discr\u00e9tion d&#8217;EQUITACION NATURAL. Les services n&#8217;offrent pas de protection des prix ni de remboursement en cas de r\u00e9ductions de prix ou d&#8217;offres promotionnelles.<\/p>\n<h3>Politique de retour<\/h3>\n<p>Les annulations et\/ou les remboursements ne seront accept\u00e9s que dans les conditions suivantes.<\/p>\n<h5>Annulation<\/h5>\n<p>Le client peut annuler la commande et demander un remboursement int\u00e9gral si la commande n&#8217;a pas encore \u00e9t\u00e9 exp\u00e9di\u00e9e. Pour ce faire, veuillez nous contacter dans les plus brefs d\u00e9lais en utilisant le formulaire de contact ou en nous envoyant un e-mail \u00e0 <a href=\"mailto:hola@equitacion-natural.es\">hola@equitacion-natural.es<\/a> et en nous fournissant vos coordonn\u00e9es et votre num\u00e9ro de commande.<\/p>\n<h5>Retour<\/h5>\n<p>Nos processus de s\u00e9lection, de pr\u00e9paration et d&#8217;emballage des produits frais sont tr\u00e8s stricts et nous garantissons qu&#8217;ils sont exp\u00e9di\u00e9s sans d\u00e9faut. V\u00e9rifiez soigneusement que les scell\u00e9s qui ferment votre colis n&#8217;ont pas \u00e9t\u00e9 modifi\u00e9s ou endommag\u00e9s.<\/p>\n<ul>\n<li>Si la commande arrive jusqu&#8217;\u00e0 24 heures plus tard que pr\u00e9vu, le client doit accepter la livraison et si, lors de l&#8217;ouverture de la bo\u00eete, l&#8217;une des pi\u00e8ces est en mauvais \u00e9tat, vous pouvez ouvrir un incident \u00e0 partir du formulaire de contact ou nous envoyer un courriel \u00e0 l&#8217;adresse suivante  <a href=\"mailto:hola@equitacion-natural.es\">hola@equitacion-natural.es<\/a>  avec le nom des produits et le nombre de pi\u00e8ces endommag\u00e9es, ainsi qu&#8217;une photographie des produits.<\/li>\n<li>Les retours de produits emball\u00e9s ne seront pas accept\u00e9s s&#8217;ils ont \u00e9t\u00e9 ouverts et\/ou manipul\u00e9s et s&#8217;ils ne conservent pas l&#8217;emballage d&#8217;origine.<\/li>\n<li>Vous devez alors indiquer sur le bon de livraison le motif du retour.<\/li>\n<\/ul>\n<p>Les retours ne seront accept\u00e9s que pour les commandes pr\u00e9sentant des preuves de dommages pendant le transport et toute r\u00e9clamation doit \u00eatre faite au moment de la r\u00e9ception de la commande.<\/p>\n<p>Si le produit est arriv\u00e9 en mauvais \u00e9tat, OPERATIVE IT SL prendra en charge les frais d&#8217;envoi occasionn\u00e9s par le retour, \u00e0 condition que les produits soient dans leur emballage d&#8217;origine et qu&#8217;ils n&#8217;aient pas \u00e9t\u00e9 consomm\u00e9s en totalit\u00e9 ou en partie.<\/p>\n<p>Pour traiter la r\u00e9clamation, vous devez nous contacter dans les 24 heures et nous envoyer un e-mail \u00e0 <a href=\"mailto:hola@equitacion-natural.es\">hola@equitacion-natural.es, en<\/a> indiquant votre nom, votre num\u00e9ro de commande et en expliquant en d\u00e9tail ce qui s&#8217;est pass\u00e9.<\/p>\n<h5>Retrait<\/h5>\n<p>Le droit de r\u00e9tractation ne peut \u00eatre exerc\u00e9 (sauf en cas d&#8217;erreur ou de d\u00e9faut du produit ou du service contract\u00e9) dans les cas suivants pr\u00e9vus \u00e0 l&#8217;article 45 de la loi sur le commerce :<\/p>\n<ul>\n<li>Contrats de fourniture de biens confectionn\u00e9s selon les sp\u00e9cifications du consommateur ou nettement personnalis\u00e9s ou qui, du fait de leur nature, ne peuvent \u00eatre r\u00e9exp\u00e9di\u00e9s ou sont susceptibles de se d\u00e9t\u00e9riorer ou de se p\u00e9rimer rapidement.<\/li>\n<li>Contrats de fourniture d&#8217;enregistrements sonores ou vid\u00e9o, de disques et de logiciels qui ont \u00e9t\u00e9 descell\u00e9s par le consommateur, ainsi que de fichiers informatiques, fournis par voie \u00e9lectronique, susceptibles d&#8217;\u00eatre t\u00e9l\u00e9charg\u00e9s ou reproduits imm\u00e9diatement en vue d&#8217;une utilisation permanente.<\/li>\n<li>Et d&#8217;une mani\u00e8re g\u00e9n\u00e9rale, tous les produits command\u00e9s \u00e0 distance qui sont fabriqu\u00e9s selon nos sp\u00e9cifications : v\u00eatements, d\u00e9veloppement photographique, etc. ou qui peuvent \u00eatre copi\u00e9s (livres, musique, jeux vid\u00e9o, etc.).<\/li>\n<\/ul>\n<p>Le client a le droit de r\u00e9silier le contrat pendant une p\u00e9riode de 14 jours calendaires sans donner de raison et sans encourir d&#8217;autres frais que ceux pr\u00e9vus aux articles 107.2 et 108, conform\u00e9ment aux dispositions du BOE-A-2014-3329. Afin d&#8217;exercer ce droit, un formulaire est mis \u00e0 votre disposition o\u00f9 vous pouvez remplir les donn\u00e9es n\u00e9cessaires \u00e0 la gestion de ce droit.<\/p>\n<h5>Comment retourner les produits dans les cas accept\u00e9s :<\/h5>\n<p>Pour retourner un produit dans les cas pr\u00e9vus et accept\u00e9s par cette politique d&#8217;annulation, les instructions suivantes doivent \u00eatre suivies :<\/p>\n<ul>\n<li>Les retours ne sont pas accept\u00e9s en port d\u00fb.<\/li>\n<li>Vous devez avoir notifi\u00e9 \u00e0 EQUITACION NATURAL votre souhait de vous r\u00e9tracter et avoir obtenu l&#8217;autorisation correspondante avant l&#8217;envoi.<\/li>\n<li>Vous devez t\u00e9l\u00e9charger et compl\u00e9ter le formulaire de r\u00e9tractation ci-dessous et l&#8217;envoyer avec le colis.<\/li>\n<li>Vous devez placer le(s) produit(s) dans un emballage ad\u00e9quat.<\/li>\n<li>Vous devez apporter le colis (avec le formulaire de r\u00e9tractation joint) \u00e0 un bureau de poste ou \u00e0 une entreprise de messagerie et demander une preuve d&#8217;envoi. Vous devez conserver le re\u00e7u jusqu&#8217;\u00e0 ce que vous receviez le remboursement demand\u00e9.<\/li>\n<\/ul>\n<p>Il appartient au client de conserver tous les accus\u00e9s de r\u00e9ception et d&#8217;exp\u00e9dier le colis en recommand\u00e9 ou par tout autre moyen permettant de rapporter la preuve de la date d&#8217;exp\u00e9dition.<\/p>\n<p>En cas de retours r\u00e9p\u00e9t\u00e9s ou de r\u00e9clamations pour mauvais \u00e9tat ou produit d\u00e9fectueux par le m\u00eame client, EQUITACION NATURAL se r\u00e9serve le droit de ne pas effectuer de nouveaux envois au client.<\/p>\n<p>Les frais de retour sont \u00e0 la charge du client. Les remboursements seront effectu\u00e9s dans un d\u00e9lai de 14 (quatorze) jours calendaires \u00e0 compter de la date de r\u00e9ception du (des) produit(s) retourn\u00e9(s) \u00e0 l&#8217;adresse indiqu\u00e9e.<\/p>\n<p>EQUITACION NATURAL proc\u00e9dera au remboursement du client dans la forme de paiement utilis\u00e9e lors de la commande, et ce remboursement sera sujet au droit de EQUITACION NATURAL de retenir les montants pour les produits retourn\u00e9s qui sont endommag\u00e9s. Nous vous rembourserons le montant pay\u00e9 pour le(s) produit(s) retourn\u00e9(s) moins les frais d&#8217;exp\u00e9dition (le cas \u00e9ch\u00e9ant).<\/p>\n<p><a href=\"#\">T\u00e9l\u00e9charger le formulaire de retrait  <\/a><\/p>\n<h3>Droit europ\u00e9en de la consommation<\/h3>\n<p>Nous vous informons que la Commission europ\u00e9enne a cr\u00e9\u00e9 la premi\u00e8re plateforme europ\u00e9enne pour la r\u00e9solution des litiges dans le commerce en ligne dans le cadre de la derni\u00e8re loi sur la consommation. \u00c0 cet \u00e9gard, en tant qu&#8217;op\u00e9rateur d&#8217;une plateforme de vente en ligne, nous avons le devoir d&#8217;informer nos clients de l&#8217;existence d&#8217;une plateforme en ligne de r\u00e8glement extrajudiciaire des litiges.<\/p>\n<p>Pour utiliser la plateforme de r\u00e9solution des litiges, le client doit utiliser le lien suivant <a href=\"http:\/\/ec.europa.eu\/odr\" target=\"_blank\" rel=\"noopener\">: http:\/\/ec.europa.eu\/odr<\/a><\/p>\n<h3>Service apr\u00e8s-vente<\/h3>\n<p>Nous disposons d&#8217;un service apr\u00e8s-vente pour r\u00e9soudre tout probl\u00e8me li\u00e9 \u00e0 nos produits ou \u00e0 nos exp\u00e9ditions, ce qui nous permet d&#8217;offrir \u00e0 nos clients l&#8217;attention la plus rapide et la plus efficace.<\/p>\n<p>Pour nous contacter ou nous poser une question, un probl\u00e8me ou une plainte, vous pouvez utiliser l&#8217;un des moyens suivants :<\/p>\n<ul>\n<li>T\u00e9l\u00e9phone : +34 627 665 283<\/li>\n<li>Courriel : hola@equitacion-natural.es<\/li>\n<\/ul>\n<h3>Confidentialit\u00e9<\/h3>\n<p>Toutes les informations et la documentation utilis\u00e9es lors de la passation des march\u00e9s, du d\u00e9veloppement et de l&#8217;ex\u00e9cution des services qui r\u00e9gissent la relation entre {NOM COMMERCIAL} et le client sont confidentielles.<\/p>\n<p>Toutes les informations re\u00e7ues du client, qu&#8217;il s&#8217;agisse d&#8217;images, de courriers \u00e9lectroniques, de textes, de donn\u00e9es d&#8217;acc\u00e8s telles que les clients et les mots de passe, seront trait\u00e9es de mani\u00e8re confidentielle et il est strictement interdit de les transmettre \u00e0 des tiers.<\/p>\n<p>Les informations confidentielles ne comprennent pas les informations qui sont divulgu\u00e9es en vertu d&#8217;un accord entre les parties, les informations qui sont rendues publiques pour la m\u00eame raison, les informations dont la divulgation est requise par la loi ou par une d\u00e9cision judiciaire d&#8217;une autorit\u00e9 comp\u00e9tente, ou les informations qui sont obtenues par un tiers qui n&#8217;est pas soumis \u00e0 une obligation de confidentialit\u00e9. Les deux parties s&#8217;engagent \u00e0 respecter le devoir de confidentialit\u00e9 pour une dur\u00e9e ind\u00e9termin\u00e9e.<\/p>\n<p>Plus d&#8217;informations sur la protection de la vie priv\u00e9e : voir notre <a href=\"https:\/\/equitacion-natural.es\/fr\/politique-de-confidentialite\/\">politique de protection de la vie priv\u00e9e<\/a><\/p>\n<h3>Politique de protection des donn\u00e9es<\/h3>\n<p>  Pour obtenir des informations compl\u00e8tes sur vos droits et sur la politique de protection des donn\u00e9es que nous appliquons \u00e0 ce site web et \u00e0 tous nos services, nous vous recommandons de consulter la <a href=\"https:\/\/equitacion-natural.es\/fr\/politique-de-confidentialite\/\">politique de confidentialit\u00e9<\/a> et la <a href=\"https:\/\/equitacion-natural.es\/fr\/?page_id=23517\">politique en mati\u00e8re de cookies<\/a>.<\/p>\n<h3>Limitation de la responsabilit\u00e9<\/h3>\n<p>EQUITACION NATURAL se r\u00e9serve le droit de modifier et d&#8217;actualiser \u00e0 tout moment et sans pr\u00e9avis les informations contenues dans le site web, sa configuration et sa pr\u00e9sentation, les conditions d&#8217;acc\u00e8s, les conditions contractuelles, etc. Le client devra donc acc\u00e9der aux versions actualis\u00e9es du site.<\/p>\n<p>L&#8217;utilisateur\/client est le seul responsable du maintien de la confidentialit\u00e9 et de la s\u00e9curit\u00e9 du site web et de toutes les activit\u00e9s qui se d\u00e9roulent sur le site web une fois qu&#8217;il a \u00e9t\u00e9 livr\u00e9 par EQUITACION NATURAL. Le client s&#8217;engage \u00e0 informer imm\u00e9diatement EQUITACION NATURAL de toute violation de la s\u00e9curit\u00e9 du portail.<\/p>\n<p>EQUITACION NATURAL n&#8217;est pas responsable des pertes r\u00e9sultant d&#8217;une utilisation incorrecte ou non autoris\u00e9e de son site web.  <\/p>\n<p>Vous acceptez de d\u00e9gager EQUITACION NATURAL de toute responsabilit\u00e9 en cas de r\u00e9clamations, pertes, d\u00e9penses, dommages et co\u00fbts (y compris les dommages directs, accessoires, cons\u00e9cutifs, punitifs, exemplaires et indirects), ainsi que des frais d&#8217;avocat raisonnables r\u00e9sultant de toute violation par vous\/acheteur de ces conditions g\u00e9n\u00e9rales, qu&#8217;elle soit ou non consid\u00e9r\u00e9e comme mat\u00e9rielle ou immat\u00e9rielle ; l&#8217;utilisation ou la mauvaise utilisation des services par vous ou par toute personne agissant en votre nom ou utilisant votre compte NATURAL EQUITATION ou pour toute violation mat\u00e9rielle ou immat\u00e9rielle de tout droit, titre ou int\u00e9r\u00eat d&#8217;un tiers.<\/p>\n<p>Notre seule responsabilit\u00e9 est de fournir le produit selon les termes et conditions exprim\u00e9s dans la pr\u00e9sente politique contractuelle.<\/p>\n<p>EQUITACION NATURAL n&#8217;est pas responsable des cons\u00e9quences ou des dommages pouvant r\u00e9sulter d&#8217;une mauvaise utilisation des produits fournis.<\/p>\n<h3>Langue<\/h3>\n<p>La langue dans laquelle le contrat entre OPERATIVE IT et le CLIENT sera ex\u00e9cut\u00e9 est l&#8217;espagnol.<\/p>\n<h3>Comp\u00e9tence et droit applicable<\/h3>\n<p>OPERATIVE IT et le CLIENT, seront r\u00e9gis pour r\u00e9soudre toute controverse qui pourrait d\u00e9river de l&#8217;acc\u00e8s, ou de l&#8217;utilisation de cette page Web, par la l\u00e9gislation espagnole, et ils sont plac\u00e9s sous les Tribunaux et les Cours de la ville de MURCIA.<\/p>\n\t\t\t\t\t\t\t\t<\/div>\n\t\t\t\t<\/div>\n\t\t\t\t\t<\/div>\n\t\t<\/div>\n\t\t\t\t\t<\/div>\n\t\t<\/section>\n\t\t\t\t<\/div>\n\t\t","protected":false},"excerpt":{"rendered":"<p>Comment commander Comme condition pour passer toute commande, le client doit contacter EQUITACION NATURAL et fournir les informations correspondantes n\u00e9cessaires \u00e0 l&#8217;acquisition des produits disponibles sur ce site web. Les&hellip;<\/p>\n","protected":false},"author":2,"featured_media":0,"parent":0,"menu_order":0,"comment_status":"closed","ping_status":"closed","template":"","meta":{"footnotes":""},"class_list":["post-23532","page","type-page","status-publish","hentry"],"_links":{"self":[{"href":"https:\/\/equitacion-natural.es\/fr\/wp-json\/wp\/v2\/pages\/23532","targetHints":{"allow":["GET"]}}],"collection":[{"href":"https:\/\/equitacion-natural.es\/fr\/wp-json\/wp\/v2\/pages"}],"about":[{"href":"https:\/\/equitacion-natural.es\/fr\/wp-json\/wp\/v2\/types\/page"}],"author":[{"embeddable":true,"href":"https:\/\/equitacion-natural.es\/fr\/wp-json\/wp\/v2\/users\/2"}],"replies":[{"embeddable":true,"href":"https:\/\/equitacion-natural.es\/fr\/wp-json\/wp\/v2\/comments?post=23532"}],"version-history":[{"count":0,"href":"https:\/\/equitacion-natural.es\/fr\/wp-json\/wp\/v2\/pages\/23532\/revisions"}],"wp:attachment":[{"href":"https:\/\/equitacion-natural.es\/fr\/wp-json\/wp\/v2\/media?parent=23532"}],"curies":[{"name":"wp","href":"https:\/\/api.w.org\/{rel}","templated":true}]}}