{"id":23517,"date":"2022-06-11T17:32:11","date_gmt":"2022-06-11T15:32:11","guid":{"rendered":"https:\/\/equitacion-natural.es\/politique-en-matiere-de-cookies\/"},"modified":"2023-05-22T23:08:56","modified_gmt":"2023-05-22T21:08:56","slug":"politique-en-matiere-de-cookies","status":"publish","type":"page","link":"https:\/\/equitacion-natural.es\/fr\/politique-en-matiere-de-cookies\/","title":{"rendered":"Politique en mati\u00e8re de cookies"},"content":{"rendered":"\t\t<div data-elementor-type=\"wp-page\" data-elementor-id=\"23517\" class=\"elementor elementor-23517 elementor-20196\" data-elementor-post-type=\"page\">\n\t\t\t\t\t\t<section class=\"elementor-section elementor-top-section elementor-element elementor-element-75445c5 elementor-section-boxed elementor-section-height-default elementor-section-height-default sc_fly_static\" data-id=\"75445c5\" data-element_type=\"section\">\n\t\t\t\t\t\t<div class=\"elementor-container elementor-column-gap-extended\">\n\t\t\t\t\t<div class=\"elementor-column elementor-col-100 elementor-top-column elementor-element elementor-element-ff2d9e8 sc_inner_width_none sc_content_align_inherit sc_layouts_column_icons_position_left sc_fly_static\" data-id=\"ff2d9e8\" data-element_type=\"column\">\n\t\t\t<div class=\"elementor-widget-wrap elementor-element-populated\">\n\t\t\t\t\t\t<div class=\"elementor-element elementor-element-48cc95a sc_fly_static elementor-widget elementor-widget-text-editor\" data-id=\"48cc95a\" data-element_type=\"widget\" data-widget_type=\"text-editor.default\">\n\t\t\t\t<div class=\"elementor-widget-container\">\n\t\t\t\t\t\t\t\t\t<h3>Introduction<\/h3>\n<p>Nous recueillons et utilisons les informations sur ce site web conform\u00e9ment \u00e0 notre politique de confidentialit\u00e9. L&#8217;une des fa\u00e7ons dont nous collectons des informations est l&#8217;utilisation d&#8217;une technologie appel\u00e9e &#8220;cookies&#8221;. Sur <a href=\"https:\/\/equitacion-natural.es\/fr\/\">equitacion-natural.es<\/a>, nous utilisons des cookies \u00e0 plusieurs fins<\/p>\n<h3>Qu&#8217;est-ce qu&#8217;un cookie ?<\/h3>\n<p>  Un &#8220;cookie&#8221; est une petite quantit\u00e9 de texte qui est stock\u00e9e dans votre navigateur (par exemple, Chrome de Google ou Safari d&#8217;Apple) lorsque vous naviguez sur la plupart des sites web.<\/p>\n<h3>Acceptation des cookies<\/h3>\n<p>Lorsque vous acc\u00e9dez \u00e0 ce site web ou \u00e0 cette application pour la premi\u00e8re fois, un avertissement appara\u00eet pour vous informer de l&#8217;utilisation de cookies et de l&#8217;endroit o\u00f9 vous pouvez consulter la pr\u00e9sente politique en mati\u00e8re de cookies.  <\/p>\n<p>Aucun cookie ne sera t\u00e9l\u00e9charg\u00e9 tant que l&#8217;utilisateur n&#8217;aura pas express\u00e9ment consenti \u00e0 l&#8217;installation de cookies. Si l&#8217;utilisateur consent \u00e0 l&#8217;utilisation de cookies, ceux-ci seront install\u00e9s sur l&#8217;ordinateur ou l&#8217;appareil de l&#8217;utilisateur.<\/p>\n<p>Outre l&#8217;utilisation de nos propres cookies, nous autorisons des tiers \u00e0 installer des cookies sur votre appareil et \u00e0 y acc\u00e9der.<\/p>\n<h3>Quelles informations un cookie stocke-t-il ?<\/h3>\n<p>Les cookies ne stockent g\u00e9n\u00e9ralement pas d&#8217;informations sensibles vous concernant, telles que des donn\u00e9es bancaires ou de carte de cr\u00e9dit, des photographies ou des informations personnelles, etc. Les donn\u00e9es stock\u00e9es sont de nature technique, statistique, pr\u00e9f\u00e9rences personnelles, personnalisation du contenu, etc.<\/p>\n<h3>Quels sont les types de cookies ?<\/h3>\n<ul>\n<li>Cookies techniques : ce sont les plus basiques et ils permettent, entre autres, de savoir quand un humain ou une application automatis\u00e9e navigue, quand un utilisateur anonyme et un utilisateur enregistr\u00e9 naviguent, des t\u00e2ches de base pour le fonctionnement de tout site web dynamique.<\/li>\n<li>  Cookies d&#8217;analyse : ils collectent des informations sur le type de navigation que vous effectuez, les rubriques que vous utilisez le plus, les produits consult\u00e9s, le temps d&#8217;utilisation, la langue, etc.<\/li>\n<li>Cookies publicitaires : ils affichent de la publicit\u00e9 en fonction de vos habitudes de navigation, de votre pays d&#8217;origine, de votre langue, etc.<\/li>\n<\/ul>\n<p>Cookies accept\u00e9s par le r\u00e8glement et cookies exclus<\/p>\n<p>Selon la directive europ\u00e9enne, les cookies qui requi\u00e8rent le consentement \u00e9clair\u00e9 de l&#8217;utilisateur sont les cookies analytiques et les cookies publicitaires et d&#8217;affiliation, \u00e0 l&#8217;exception des cookies techniques et de ceux qui sont n\u00e9cessaires au fonctionnement du site web ou \u00e0 la fourniture de services express\u00e9ment demand\u00e9s par l&#8217;utilisateur.<\/p>\n<\/p>\n<h3>Quels sont les cookies utilis\u00e9s par ce site web ?<\/h3>\n<p>Ce site web utilise des cookies propres et de tiers. Les cookies suivants sont utilis\u00e9s sur ce site web :<\/p>\n<h4>Ses propres biscuits<\/h4>\n<ul>\n<li>Connexion : Les cookies de connexion vous permettent de vous connecter et de vous d\u00e9connecter de votre compte <a href=\"https:\/\/equitacion-natural.es\/fr\/\">equitacion-natural.es.<\/a><\/li>\n<li>Personnalisation : Les cookies nous aident \u00e0 nous souvenir des personnes ou des sites web avec lesquels vous avez interagi, afin que nous puissions vous montrer des contenus connexes.<\/li>\n<li>Pr\u00e9f\u00e9rences : Les cookies nous permettent de m\u00e9moriser vos param\u00e8tres et pr\u00e9f\u00e9rences, tels que votre langue pr\u00e9f\u00e9r\u00e9e et vos param\u00e8tres de confidentialit\u00e9.<\/li>\n<\/ul>\n<p>S\u00e9curit\u00e9 : nous utilisons des cookies pour \u00e9viter les risques de s\u00e9curit\u00e9. Principalement pour d\u00e9tecter si quelqu&#8217;un tente de pirater votre compte <a href=\"https:\/\/equitacion-natural.es\/fr\/\">equitacion-natural.es.<\/a><\/p>\n<h4>Cookies de tiers<\/h4>\n<h5>Cookies analytiques<\/h5>\n<p>Ce site utilise des services d&#8217;analyse, en particulier Google Analytics, pour aider le site \u00e0 analyser l&#8217;utilisation qu&#8217;en font les utilisateurs et \u00e0 en am\u00e9liorer la convivialit\u00e9, mais ces services ne sont en aucun cas associ\u00e9s \u00e0 des donn\u00e9es qui permettraient d&#8217;identifier l&#8217;utilisateur. Google Analytics est un service d&#8217;analyse du Web fourni par Google Inc. L&#8217;utilisateur peut consulter <a href=\"https:\/\/www.google.es\/intl\/es\/policies\/technologies\/types\/\" target=\"_blank\" rel=\"noopener\">ici<\/a> le type de cookies utilis\u00e9s par Google.<\/p>\n<h5>Cookies pour les m\u00e9dias sociaux<\/h5>\n<p>Les cookies de r\u00e9seaux sociaux peuvent \u00eatre stock\u00e9s dans votre navigateur lorsque vous naviguez sur <a href=\"https:\/\/equitacion-natural.es\/fr\/\">equitacion-natural.<\/a>es, par exemple, lorsque vous utilisez le bouton de partage du contenu de <a href=\"https:\/\/equitacion-natural.es\/fr\/\">equitacion-natural.es<\/a> sur un r\u00e9seau social.<\/p>\n<p>Vous trouverez ci-dessous des informations sur les cookies des r\u00e9seaux sociaux utilis\u00e9s par ce site web dans leurs propres politiques en mati\u00e8re de cookies :<\/p>\n<ul>\n<li>Cookies Facebook, voir plus d&#8217;informations dans leur <a href=\"https:\/\/www.facebook.com\/policies\/cookies\/\" target=\"_blank\" rel=\"noopener\">politique en mati\u00e8re de cookies<\/a>.<\/li>\n<li>Cookies d&#8217;Instagram, voir plus d&#8217;informations dans leur <a href=\"https:\/\/www.facebook.com\/policies\/cookies\/\" target=\"_blank\" rel=\"noopener\">politique de cookies<\/a>.<\/li>\n<li>Cookies de Youtube, voir plus d&#8217;informations dans leur <a href=\"http:\/\/www.google.com\/intl\/es\/policies\/technologies\/types\/\" target=\"_blank\" rel=\"noopener\">politique en mati\u00e8re de cookies<\/a>.<\/li>\n<\/ul>\n<h3>Les cookies peuvent-ils \u00eatre supprim\u00e9s ?<\/h3>\n<p>Oui, et non seulement supprimer, mais aussi bloquer, soit de mani\u00e8re g\u00e9n\u00e9rale, soit pour un domaine sp\u00e9cifique.<\/p>\n<p>Pour supprimer les cookies d&#8217;un site web, vous devez aller dans les param\u00e8tres de votre navigateur et vous pouvez y rechercher les cookies associ\u00e9s au domaine en question et les supprimer.<\/p>\n<ul>\n<li>Param\u00e8tres des cookies pour <a href=\"http:\/\/support.google.com\/chrome\/bin\/answer.py?hl=es&amp;answer=95647\" target=\"_blank\" rel=\"noopener\">Google Chrome<\/a><\/li>\n<li>Param\u00e8tres des cookies pour <a href=\"https:\/\/support.apple.com\/es-es\/HT201265\" target=\"_blank\" rel=\"noopener\">Apple Safari<\/a><\/li>\n<li>Param\u00e8tres des cookies pour <a href=\"https:\/\/support.microsoft.com\/en-us\/help\/17442\/windows-internet-explorer-delete-manage-cookies#ie=ie-10\" target=\"_blank\" rel=\"noopener\">Internet Explorer<\/a><\/li>\n<li>Param\u00e8tres des cookies pour <a href=\"https:\/\/support.mozilla.org\/es\/kb\/habilitar-y-deshabilitar-cookies-sitios-web-rastrear-preferencias?redirectlocale=es&amp;redirectslug=habilitar-y-deshabilitar-cookies-que-los-sitios-we\" target=\"_blank\" rel=\"noopener\">Mozilla Firefox<\/a><\/li>\n<\/ul>\n<h3>Acceptation des cookies<\/h3>\n<p>Lorsque vous acc\u00e9dez \u00e0 ce site web ou \u00e0 cette application pour la premi\u00e8re fois, un avertissement s&#8217;affiche pour vous informer de l&#8217;utilisation de cookies et de l&#8217;endroit o\u00f9 vous pouvez consulter la pr\u00e9sente politique en mati\u00e8re de cookies. Si l&#8217;utilisateur consent \u00e0 l&#8217;utilisation de cookies, ceux-ci seront install\u00e9s sur l&#8217;ordinateur ou l&#8217;appareil de l&#8217;utilisateur.<\/p>\n<p>Outre l&#8217;utilisation de nos propres cookies, nous autorisons des tiers \u00e0 installer des cookies sur votre ordinateur et \u00e0 y acc\u00e9der. Le consentement \u00e0 l&#8217;utilisation de cookies par ces soci\u00e9t\u00e9s est li\u00e9 \u00e0 la navigation sur ce site.<\/p>\n<h3>Plus d&#8217;informations sur les cookies<\/h3>\n<p>Vous pouvez consulter la r\u00e9glementation sur les cookies publi\u00e9e par l&#8217;Agence espagnole de protection des donn\u00e9es dans son<a href=\"https:\/\/www.aepd.es\/sites\/default\/files\/2020-07\/guia-cookies.pdf\" target=\"_blank\" rel=\"noopener\">&#8220;Guide sur l&#8217;utilisation des cookies&#8221;<\/a> et obtenir plus d&#8217;informations sur les cookies sur Internet, <a href=\"http:\/\/www.aboutcookies.org\/\" target=\"_blank\" rel=\"noopener\">http:\/\/www.aboutcookies.org\/<\/a>.<\/p>\n<p>Si vous souhaitez mieux contr\u00f4ler l&#8217;installation des cookies, vous pouvez installer des programmes ou des modules compl\u00e9mentaires \u00e0 votre navigateur, connus sous le nom d&#8217;outils &#8220;Do Not Track&#8221;, qui vous permettront de choisir les cookies que vous souhaitez autoriser.<\/p>\n<\/p>\n<p>Cette politique en mati\u00e8re de cookies a \u00e9t\u00e9 mise \u00e0 jour pour la derni\u00e8re fois le 11 juin 2022.<\/p>\n\t\t\t\t\t\t\t\t<\/div>\n\t\t\t\t<\/div>\n\t\t\t\t\t<\/div>\n\t\t<\/div>\n\t\t\t\t\t<\/div>\n\t\t<\/section>\n\t\t\t\t<section class=\"elementor-section elementor-top-section elementor-element elementor-element-7ef86bc8 elementor-section-boxed elementor-section-height-default elementor-section-height-default sc_fly_static\" data-id=\"7ef86bc8\" data-element_type=\"section\">\n\t\t\t\t\t\t<div class=\"elementor-container elementor-column-gap-extended\">\n\t\t\t\t\t<div class=\"elementor-column elementor-col-100 elementor-top-column elementor-element elementor-element-19372eea sc_inner_width_none sc_content_align_inherit sc_layouts_column_icons_position_left sc_fly_static\" data-id=\"19372eea\" data-element_type=\"column\">\n\t\t\t<div class=\"elementor-widget-wrap elementor-element-populated\">\n\t\t\t\t\t\t<div class=\"elementor-element elementor-element-690b98ed sc_fly_static elementor-widget elementor-widget-spacer\" data-id=\"690b98ed\" data-element_type=\"widget\" data-widget_type=\"spacer.default\">\n\t\t\t\t<div class=\"elementor-widget-container\">\n\t\t\t\t\t\t\t<div class=\"elementor-spacer\">\n\t\t\t<div class=\"elementor-spacer-inner\"><\/div>\n\t\t<\/div>\n\t\t\t\t\t\t<\/div>\n\t\t\t\t<\/div>\n\t\t\t\t\t<\/div>\n\t\t<\/div>\n\t\t\t\t\t<\/div>\n\t\t<\/section>\n\t\t\t\t<\/div>\n\t\t","protected":false},"excerpt":{"rendered":"<p>Introduction Nous recueillons et utilisons les informations sur ce site web conform\u00e9ment \u00e0 notre politique de confidentialit\u00e9. L&#8217;une des fa\u00e7ons dont nous collectons des informations est l&#8217;utilisation d&#8217;une technologie appel\u00e9e&hellip;<\/p>\n","protected":false},"author":2,"featured_media":0,"parent":0,"menu_order":0,"comment_status":"closed","ping_status":"closed","template":"","meta":{"footnotes":""},"class_list":["post-23517","page","type-page","status-publish","hentry"],"_links":{"self":[{"href":"https:\/\/equitacion-natural.es\/fr\/wp-json\/wp\/v2\/pages\/23517","targetHints":{"allow":["GET"]}}],"collection":[{"href":"https:\/\/equitacion-natural.es\/fr\/wp-json\/wp\/v2\/pages"}],"about":[{"href":"https:\/\/equitacion-natural.es\/fr\/wp-json\/wp\/v2\/types\/page"}],"author":[{"embeddable":true,"href":"https:\/\/equitacion-natural.es\/fr\/wp-json\/wp\/v2\/users\/2"}],"replies":[{"embeddable":true,"href":"https:\/\/equitacion-natural.es\/fr\/wp-json\/wp\/v2\/comments?post=23517"}],"version-history":[{"count":0,"href":"https:\/\/equitacion-natural.es\/fr\/wp-json\/wp\/v2\/pages\/23517\/revisions"}],"wp:attachment":[{"href":"https:\/\/equitacion-natural.es\/fr\/wp-json\/wp\/v2\/media?parent=23517"}],"curies":[{"name":"wp","href":"https:\/\/api.w.org\/{rel}","templated":true}]}}